{"id":3434,"date":"2023-04-26T10:44:08","date_gmt":"2023-04-26T08:44:08","guid":{"rendered":"https:\/\/www.moji-struklji.si\/ups-404\/"},"modified":"2023-04-26T10:56:52","modified_gmt":"2023-04-26T08:56:52","slug":"ups-404","status":"publish","type":"page","link":"https:\/\/www.moji-struklji.si\/en\/ups-404\/","title":{"rendered":"Ups, 404"},"content":{"rendered":"\t\t<div data-elementor-type=\"wp-page\" data-elementor-id=\"3434\" class=\"elementor elementor-3434 elementor-3360\" data-elementor-settings=\"{&quot;element_pack_global_tooltip_width&quot;:{&quot;unit&quot;:&quot;px&quot;,&quot;size&quot;:&quot;&quot;,&quot;sizes&quot;:[]},&quot;element_pack_global_tooltip_width_tablet&quot;:{&quot;unit&quot;:&quot;px&quot;,&quot;size&quot;:&quot;&quot;,&quot;sizes&quot;:[]},&quot;element_pack_global_tooltip_width_mobile&quot;:{&quot;unit&quot;:&quot;px&quot;,&quot;size&quot;:&quot;&quot;,&quot;sizes&quot;:[]},&quot;element_pack_global_tooltip_padding&quot;:{&quot;unit&quot;:&quot;px&quot;,&quot;top&quot;:&quot;&quot;,&quot;right&quot;:&quot;&quot;,&quot;bottom&quot;:&quot;&quot;,&quot;left&quot;:&quot;&quot;,&quot;isLinked&quot;:true},&quot;element_pack_global_tooltip_padding_tablet&quot;:{&quot;unit&quot;:&quot;px&quot;,&quot;top&quot;:&quot;&quot;,&quot;right&quot;:&quot;&quot;,&quot;bottom&quot;:&quot;&quot;,&quot;left&quot;:&quot;&quot;,&quot;isLinked&quot;:true},&quot;element_pack_global_tooltip_padding_mobile&quot;:{&quot;unit&quot;:&quot;px&quot;,&quot;top&quot;:&quot;&quot;,&quot;right&quot;:&quot;&quot;,&quot;bottom&quot;:&quot;&quot;,&quot;left&quot;:&quot;&quot;,&quot;isLinked&quot;:true},&quot;element_pack_global_tooltip_border_radius&quot;:{&quot;unit&quot;:&quot;px&quot;,&quot;top&quot;:&quot;&quot;,&quot;right&quot;:&quot;&quot;,&quot;bottom&quot;:&quot;&quot;,&quot;left&quot;:&quot;&quot;,&quot;isLinked&quot;:true},&quot;element_pack_global_tooltip_border_radius_tablet&quot;:{&quot;unit&quot;:&quot;px&quot;,&quot;top&quot;:&quot;&quot;,&quot;right&quot;:&quot;&quot;,&quot;bottom&quot;:&quot;&quot;,&quot;left&quot;:&quot;&quot;,&quot;isLinked&quot;:true},&quot;element_pack_global_tooltip_border_radius_mobile&quot;:{&quot;unit&quot;:&quot;px&quot;,&quot;top&quot;:&quot;&quot;,&quot;right&quot;:&quot;&quot;,&quot;bottom&quot;:&quot;&quot;,&quot;left&quot;:&quot;&quot;,&quot;isLinked&quot;:true}}\" data-elementor-post-type=\"page\">\n\t\t\t\t\t\t<section class=\"xts-negative-gap elementor-section elementor-top-section elementor-element elementor-element-066175c elementor-section-content-middle elementor-section-boxed elementor-section-height-default elementor-section-height-default xts-section-disabled\" data-id=\"066175c\" data-element_type=\"section\" data-e-type=\"section\">\n\t\t\t\t\t\t<div class=\"elementor-container elementor-column-gap-extended\">\n\t\t\t\t\t<div class=\"elementor-column elementor-col-50 elementor-top-column elementor-element elementor-element-4901105\" data-id=\"4901105\" data-element_type=\"column\" data-e-type=\"column\">\n\t\t\t<div class=\"elementor-widget-wrap elementor-element-populated\">\n\t\t\t\t\t\t<div class=\"elementor-element elementor-element-25a05af xts-width-100 elementor-widget elementor-widget-xts_title\" data-id=\"25a05af\" data-element_type=\"widget\" data-e-type=\"widget\" data-widget_type=\"xts_title.default\">\n\t\t\t\t<div class=\"elementor-widget-container\">\n\t\t\t\t\t\t\t\t<div class=\"xts-section-heading xts-reset-mb-10 xts-reset-last xts-textalign-left\" data-animation-delay=\"\">\n\t\t\t\t\t\t\t\t\t<div class=\"xts-section-subtitle xts-textcolor-secondary xts-fontsize-l\">\n\t\t\t\t\t\t<span class=\"xts-section-subtitle-text\" data-elementor-setting-key=\"subtitle\">\n\t\t\t\t\t\t\tlost page\t\t\t\t\t\t<\/span>\n\n\t\t\t\t\t\t\t\t\t\t\t<\/div>\n\t\t\t\t\n\t\t\t\t\t\t\t\t\t<h4 class=\"xts-section-title title xts-design-default xts-fontsize-xxl\">\n\t\t\t\t\t\t<span class=\"xts-section-title-text\" data-elementor-setting-key=\"title\">\n\t\t\t\t\t\t\tUps, 404\t\t\t\t\t\t<\/span>\n\n\t\t\t\t\t\t\t\t\t\t\t<\/h4>\n\t\t\t\t\n\t\t\t\t\n\t\t\t\t\t\t\t\t\t<div class=\"xts-section-desc xts-fontsize-m\">\n\t\t\t\t\t\t<div class=\"xts-section-desc-text xts-reset-all-last\" data-elementor-setting-key=\"description\">\n\t\t\t\t\t\t\t<p>The website you were looking for has apparently been lost.<\/p><p>To search, use the navigation menu or visit one of our Dumpling houses \ud83d\ude42<\/p>\t\t\t\t\t\t<\/div>\n\t\t\t\t\t<\/div>\n\t\t\t\t\t\t\t<\/div>\n\t\t\t\t\t\t<\/div>\n\t\t\t\t<\/div>\n\t\t\t\t<div class=\"elementor-element elementor-element-2dbacbd elementor-widget elementor-widget-spacer\" data-id=\"2dbacbd\" data-element_type=\"widget\" data-e-type=\"widget\" data-widget_type=\"spacer.default\">\n\t\t\t\t\t\t\t<div class=\"elementor-spacer\">\n\t\t\t<div class=\"elementor-spacer-inner\"><\/div>\n\t\t<\/div>\n\t\t\t\t\t\t<\/div>\n\t\t\t\t<div class=\"elementor-element elementor-element-df9d82d elementor-widget__width-auto elementor-widget elementor-widget-xts_button\" data-id=\"df9d82d\" data-element_type=\"widget\" data-e-type=\"widget\" data-widget_type=\"xts_button.default\">\n\t\t\t\t<div class=\"elementor-widget-container\">\n\t\t\t\t\t\t\t\t<div class=\"xts-button-wrapper xts-textalign-left\" >\n\t\t\t\t\t\t\t\t\t<a class=\"xts-button xts-size-l xts-style-default xts-color-primary xts-shape-rounded\"  href=\"\/en\/\">\n\t\t\t\t\t\t<span class=\"xts-button-text\" data-elementor-setting-key=\"button_text\">\n\t\t\t\t\t\t\tPrva stran\t\t\t\t\t\t<\/span>\n\n\t\t\t\t\t\t\t\t\t\t\t<\/a>\n\t\t\t\t\t\t\t<\/div>\n\t\t\t\t\t\t<\/div>\n\t\t\t\t<\/div>\n\t\t\t\t<div class=\"elementor-element elementor-element-3f09cca elementor-widget__width-auto elementor-widget elementor-widget-xts_button\" data-id=\"3f09cca\" data-element_type=\"widget\" data-e-type=\"widget\" data-widget_type=\"xts_button.default\">\n\t\t\t\t<div class=\"elementor-widget-container\">\n\t\t\t\t\t\t\t\t<div class=\"xts-button-wrapper xts-textalign-left\" >\n\t\t\t\t\t\t\t\t\t<a class=\"xts-button xts-size-l xts-style-default xts-color-secondary xts-shape-rounded\"  href=\"\/en\/locations-contact\/\">\n\t\t\t\t\t\t<span class=\"xts-button-text\" data-elementor-setting-key=\"button_text\">\n\t\t\t\t\t\t\tOur Locations\t\t\t\t\t\t<\/span>\n\n\t\t\t\t\t\t\t\t\t\t\t<\/a>\n\t\t\t\t\t\t\t<\/div>\n\t\t\t\t\t\t<\/div>\n\t\t\t\t<\/div>\n\t\t\t\t\t<\/div>\n\t\t<\/div>\n\t\t\t\t<div class=\"elementor-column elementor-col-50 elementor-top-column elementor-element elementor-element-d47e736\" data-id=\"d47e736\" data-element_type=\"column\" data-e-type=\"column\">\n\t\t\t<div class=\"elementor-widget-wrap elementor-element-populated\">\n\t\t\t\t\t\t<div class=\"elementor-element elementor-element-d542b3c elementor-widget elementor-widget-xts_image\" data-id=\"d542b3c\" data-element_type=\"widget\" data-e-type=\"widget\" data-widget_type=\"xts_image.default\">\n\t\t\t\t<div class=\"elementor-widget-container\">\n\t\t\t\t\t\t\t\t<div class=\"xts-image-single xts-textalign-center\">\n\t\t\t\t<figure class=\"xts-image\">\n\t\t\t\t\t\t\t\t\t\t\t<div class=\"xts-image-inner\">\n\t\t\t\t\t\n\t\t\t\t\t\t<img fetchpriority=\"high\" decoding=\"async\" width=\"1024\" height=\"683\" src=\"https:\/\/www.moji-struklji.si\/wp-content\/uploads\/2023\/04\/moji_struklji_slovenije_16-1024x683.jpg\" class=\"attachment-large size-large wp-image-3423\" alt=\"\" srcset=\"https:\/\/www.moji-struklji.si\/wp-content\/uploads\/2023\/04\/moji_struklji_slovenije_16-1024x683.jpg 1024w, https:\/\/www.moji-struklji.si\/wp-content\/uploads\/2023\/04\/moji_struklji_slovenije_16-200x133.jpg 200w, https:\/\/www.moji-struklji.si\/wp-content\/uploads\/2023\/04\/moji_struklji_slovenije_16-1000x667.jpg 1000w, https:\/\/www.moji-struklji.si\/wp-content\/uploads\/2023\/04\/moji_struklji_slovenije_16-500x333.jpg 500w, https:\/\/www.moji-struklji.si\/wp-content\/uploads\/2023\/04\/moji_struklji_slovenije_16-768x512.jpg 768w, https:\/\/www.moji-struklji.si\/wp-content\/uploads\/2023\/04\/moji_struklji_slovenije_16-1536x1025.jpg 1536w, https:\/\/www.moji-struklji.si\/wp-content\/uploads\/2023\/04\/moji_struklji_slovenije_16.jpg 2048w\" sizes=\"(max-width: 1024px) 100vw, 1024px\" \/>\n\t\t\t\t\t\t\t\t\t\t\t<\/div>\n\t\t\t\t\t\n\t\t\t\t\t\t\t\t\t<\/figure>\n\n\t\t\t\t\t\t\t<\/div>\n\t\t\t\t\t\t<\/div>\n\t\t\t\t<\/div>\n\t\t\t\t\t<\/div>\n\t\t<\/div>\n\t\t\t\t\t<\/div>\n\t\t<\/section>\n\t\t\t\t<\/div>\n\t\t","protected":false},"excerpt":{"rendered":"<p>lost page Ups, 404 The website you were looking for has apparently been lost. To search, use the navigation menu or visit one of our Dumpling houses \ud83d\ude42 Prva stran Our Locations<\/p>\n","protected":false},"author":1,"featured_media":0,"parent":0,"menu_order":0,"comment_status":"closed","ping_status":"closed","template":"","meta":{"_acf_changed":false,"iawp_total_views":2,"footnotes":""},"class_list":["post-3434","page","type-page","status-publish","hentry"],"acf":[],"yoast_head":"<!-- This site is optimized with the Yoast SEO plugin v27.3 - https:\/\/yoast.com\/product\/yoast-seo-wordpress\/ -->\n<title>Ups, 404 - Moji \u0161truklji Slovenije<\/title>\n<meta name=\"robots\" content=\"index, follow, max-snippet:-1, max-image-preview:large, max-video-preview:-1\" \/>\n<link rel=\"canonical\" href=\"https:\/\/www.moji-struklji.si\/en\/ups-404\/\" \/>\n<meta property=\"og:locale\" content=\"en_US\" \/>\n<meta property=\"og:type\" content=\"article\" \/>\n<meta property=\"og:title\" content=\"Ups, 404 - Moji \u0161truklji Slovenije\" \/>\n<meta property=\"og:description\" content=\"lost page Ups, 404 The website you were looking for has apparently been lost. To search, use the navigation menu or visit one of our Dumpling houses \ud83d\ude42 Prva stran Our Locations\" \/>\n<meta property=\"og:url\" content=\"https:\/\/www.moji-struklji.si\/en\/ups-404\/\" \/>\n<meta property=\"og:site_name\" content=\"Moji \u0161truklji Slovenije\" \/>\n<meta property=\"article:publisher\" content=\"https:\/\/www.facebook.com\/Struklji\" \/>\n<meta property=\"article:modified_time\" content=\"2023-04-26T08:56:52+00:00\" \/>\n<meta property=\"og:image\" content=\"https:\/\/www.moji-struklji.si\/wp-content\/uploads\/2023\/04\/moji_struklji_slovenije_16-1024x683.jpg\" \/>\n<meta name=\"twitter:card\" content=\"summary_large_image\" \/>\n<meta name=\"twitter:label1\" content=\"Est. reading time\" \/>\n\t<meta name=\"twitter:data1\" content=\"1 minute\" \/>\n<script type=\"application\/ld+json\" class=\"yoast-schema-graph\">{\"@context\":\"https:\\\/\\\/schema.org\",\"@graph\":[{\"@type\":\"WebPage\",\"@id\":\"https:\\\/\\\/www.moji-struklji.si\\\/en\\\/ups-404\\\/\",\"url\":\"https:\\\/\\\/www.moji-struklji.si\\\/en\\\/ups-404\\\/\",\"name\":\"Ups, 404 - Moji \u0161truklji Slovenije\",\"isPartOf\":{\"@id\":\"https:\\\/\\\/www.moji-struklji.si\\\/en\\\/#website\"},\"primaryImageOfPage\":{\"@id\":\"https:\\\/\\\/www.moji-struklji.si\\\/en\\\/ups-404\\\/#primaryimage\"},\"image\":{\"@id\":\"https:\\\/\\\/www.moji-struklji.si\\\/en\\\/ups-404\\\/#primaryimage\"},\"thumbnailUrl\":\"https:\\\/\\\/www.moji-struklji.si\\\/wp-content\\\/uploads\\\/2023\\\/04\\\/moji_struklji_slovenije_16-1024x683.jpg\",\"datePublished\":\"2023-04-26T08:44:08+00:00\",\"dateModified\":\"2023-04-26T08:56:52+00:00\",\"breadcrumb\":{\"@id\":\"https:\\\/\\\/www.moji-struklji.si\\\/en\\\/ups-404\\\/#breadcrumb\"},\"inLanguage\":\"en-US\",\"potentialAction\":[{\"@type\":\"ReadAction\",\"target\":[\"https:\\\/\\\/www.moji-struklji.si\\\/en\\\/ups-404\\\/\"]}]},{\"@type\":\"ImageObject\",\"inLanguage\":\"en-US\",\"@id\":\"https:\\\/\\\/www.moji-struklji.si\\\/en\\\/ups-404\\\/#primaryimage\",\"url\":\"https:\\\/\\\/www.moji-struklji.si\\\/wp-content\\\/uploads\\\/2023\\\/04\\\/moji_struklji_slovenije_16-1024x683.jpg\",\"contentUrl\":\"https:\\\/\\\/www.moji-struklji.si\\\/wp-content\\\/uploads\\\/2023\\\/04\\\/moji_struklji_slovenije_16-1024x683.jpg\"},{\"@type\":\"BreadcrumbList\",\"@id\":\"https:\\\/\\\/www.moji-struklji.si\\\/en\\\/ups-404\\\/#breadcrumb\",\"itemListElement\":[{\"@type\":\"ListItem\",\"position\":1,\"name\":\"Domov\",\"item\":\"https:\\\/\\\/www.moji-struklji.si\\\/en\\\/\"},{\"@type\":\"ListItem\",\"position\":2,\"name\":\"Ups, 404\"}]},{\"@type\":\"WebSite\",\"@id\":\"https:\\\/\\\/www.moji-struklji.si\\\/en\\\/#website\",\"url\":\"https:\\\/\\\/www.moji-struklji.si\\\/en\\\/\",\"name\":\"Moji \u0161truklji Slovenije\",\"description\":\"Vedno sve\u017ei \u0161truklji, z dolgo tradicijo!\",\"publisher\":{\"@id\":\"https:\\\/\\\/www.moji-struklji.si\\\/en\\\/#organization\"},\"alternateName\":\"\u0160trukljarnica MOJI \u0160TRUKLJI Slovenije\",\"potentialAction\":[{\"@type\":\"SearchAction\",\"target\":{\"@type\":\"EntryPoint\",\"urlTemplate\":\"https:\\\/\\\/www.moji-struklji.si\\\/en\\\/?s={search_term_string}\"},\"query-input\":{\"@type\":\"PropertyValueSpecification\",\"valueRequired\":true,\"valueName\":\"search_term_string\"}}],\"inLanguage\":\"en-US\"},{\"@type\":\"Organization\",\"@id\":\"https:\\\/\\\/www.moji-struklji.si\\\/en\\\/#organization\",\"name\":\"MOJI \u0160TRUKLJI Slovenije\",\"alternateName\":\"Peter Vogelnik s.p. Deteljica 10, 4290 Tr\u017ei\u010d\",\"url\":\"https:\\\/\\\/www.moji-struklji.si\\\/en\\\/\",\"logo\":{\"@type\":\"ImageObject\",\"inLanguage\":\"en-US\",\"@id\":\"https:\\\/\\\/www.moji-struklji.si\\\/en\\\/#\\\/schema\\\/logo\\\/image\\\/\",\"url\":\"https:\\\/\\\/www.moji-struklji.si\\\/wp-content\\\/uploads\\\/2023\\\/04\\\/Moji_struklji_fav.png\",\"contentUrl\":\"https:\\\/\\\/www.moji-struklji.si\\\/wp-content\\\/uploads\\\/2023\\\/04\\\/Moji_struklji_fav.png\",\"width\":400,\"height\":400,\"caption\":\"MOJI \u0160TRUKLJI Slovenije\"},\"image\":{\"@id\":\"https:\\\/\\\/www.moji-struklji.si\\\/en\\\/#\\\/schema\\\/logo\\\/image\\\/\"},\"sameAs\":[\"https:\\\/\\\/www.facebook.com\\\/Struklji\"]}]}<\/script>\n<!-- \/ Yoast SEO plugin. -->","yoast_head_json":{"title":"Ups, 404 - Moji \u0161truklji Slovenije","robots":{"index":"index","follow":"follow","max-snippet":"max-snippet:-1","max-image-preview":"max-image-preview:large","max-video-preview":"max-video-preview:-1"},"canonical":"https:\/\/www.moji-struklji.si\/en\/ups-404\/","og_locale":"en_US","og_type":"article","og_title":"Ups, 404 - Moji \u0161truklji Slovenije","og_description":"lost page Ups, 404 The website you were looking for has apparently been lost. To search, use the navigation menu or visit one of our Dumpling houses \ud83d\ude42 Prva stran Our Locations","og_url":"https:\/\/www.moji-struklji.si\/en\/ups-404\/","og_site_name":"Moji \u0161truklji Slovenije","article_publisher":"https:\/\/www.facebook.com\/Struklji","article_modified_time":"2023-04-26T08:56:52+00:00","og_image":[{"url":"https:\/\/www.moji-struklji.si\/wp-content\/uploads\/2023\/04\/moji_struklji_slovenije_16-1024x683.jpg","type":"","width":"","height":""}],"twitter_card":"summary_large_image","twitter_misc":{"Est. reading time":"1 minute"},"schema":{"@context":"https:\/\/schema.org","@graph":[{"@type":"WebPage","@id":"https:\/\/www.moji-struklji.si\/en\/ups-404\/","url":"https:\/\/www.moji-struklji.si\/en\/ups-404\/","name":"Ups, 404 - Moji \u0161truklji Slovenije","isPartOf":{"@id":"https:\/\/www.moji-struklji.si\/en\/#website"},"primaryImageOfPage":{"@id":"https:\/\/www.moji-struklji.si\/en\/ups-404\/#primaryimage"},"image":{"@id":"https:\/\/www.moji-struklji.si\/en\/ups-404\/#primaryimage"},"thumbnailUrl":"https:\/\/www.moji-struklji.si\/wp-content\/uploads\/2023\/04\/moji_struklji_slovenije_16-1024x683.jpg","datePublished":"2023-04-26T08:44:08+00:00","dateModified":"2023-04-26T08:56:52+00:00","breadcrumb":{"@id":"https:\/\/www.moji-struklji.si\/en\/ups-404\/#breadcrumb"},"inLanguage":"en-US","potentialAction":[{"@type":"ReadAction","target":["https:\/\/www.moji-struklji.si\/en\/ups-404\/"]}]},{"@type":"ImageObject","inLanguage":"en-US","@id":"https:\/\/www.moji-struklji.si\/en\/ups-404\/#primaryimage","url":"https:\/\/www.moji-struklji.si\/wp-content\/uploads\/2023\/04\/moji_struklji_slovenije_16-1024x683.jpg","contentUrl":"https:\/\/www.moji-struklji.si\/wp-content\/uploads\/2023\/04\/moji_struklji_slovenije_16-1024x683.jpg"},{"@type":"BreadcrumbList","@id":"https:\/\/www.moji-struklji.si\/en\/ups-404\/#breadcrumb","itemListElement":[{"@type":"ListItem","position":1,"name":"Domov","item":"https:\/\/www.moji-struklji.si\/en\/"},{"@type":"ListItem","position":2,"name":"Ups, 404"}]},{"@type":"WebSite","@id":"https:\/\/www.moji-struklji.si\/en\/#website","url":"https:\/\/www.moji-struklji.si\/en\/","name":"Moji \u0161truklji Slovenije","description":"Vedno sve\u017ei \u0161truklji, z dolgo tradicijo!","publisher":{"@id":"https:\/\/www.moji-struklji.si\/en\/#organization"},"alternateName":"\u0160trukljarnica MOJI \u0160TRUKLJI Slovenije","potentialAction":[{"@type":"SearchAction","target":{"@type":"EntryPoint","urlTemplate":"https:\/\/www.moji-struklji.si\/en\/?s={search_term_string}"},"query-input":{"@type":"PropertyValueSpecification","valueRequired":true,"valueName":"search_term_string"}}],"inLanguage":"en-US"},{"@type":"Organization","@id":"https:\/\/www.moji-struklji.si\/en\/#organization","name":"MOJI \u0160TRUKLJI Slovenije","alternateName":"Peter Vogelnik s.p. Deteljica 10, 4290 Tr\u017ei\u010d","url":"https:\/\/www.moji-struklji.si\/en\/","logo":{"@type":"ImageObject","inLanguage":"en-US","@id":"https:\/\/www.moji-struklji.si\/en\/#\/schema\/logo\/image\/","url":"https:\/\/www.moji-struklji.si\/wp-content\/uploads\/2023\/04\/Moji_struklji_fav.png","contentUrl":"https:\/\/www.moji-struklji.si\/wp-content\/uploads\/2023\/04\/Moji_struklji_fav.png","width":400,"height":400,"caption":"MOJI \u0160TRUKLJI Slovenije"},"image":{"@id":"https:\/\/www.moji-struklji.si\/en\/#\/schema\/logo\/image\/"},"sameAs":["https:\/\/www.facebook.com\/Struklji"]}]}},"_links":{"self":[{"href":"https:\/\/www.moji-struklji.si\/en\/wp-json\/wp\/v2\/pages\/3434","targetHints":{"allow":["GET"]}}],"collection":[{"href":"https:\/\/www.moji-struklji.si\/en\/wp-json\/wp\/v2\/pages"}],"about":[{"href":"https:\/\/www.moji-struklji.si\/en\/wp-json\/wp\/v2\/types\/page"}],"author":[{"embeddable":true,"href":"https:\/\/www.moji-struklji.si\/en\/wp-json\/wp\/v2\/users\/1"}],"replies":[{"embeddable":true,"href":"https:\/\/www.moji-struklji.si\/en\/wp-json\/wp\/v2\/comments?post=3434"}],"version-history":[{"count":6,"href":"https:\/\/www.moji-struklji.si\/en\/wp-json\/wp\/v2\/pages\/3434\/revisions"}],"predecessor-version":[{"id":3440,"href":"https:\/\/www.moji-struklji.si\/en\/wp-json\/wp\/v2\/pages\/3434\/revisions\/3440"}],"wp:attachment":[{"href":"https:\/\/www.moji-struklji.si\/en\/wp-json\/wp\/v2\/media?parent=3434"}],"curies":[{"name":"wp","href":"https:\/\/api.w.org\/{rel}","templated":true}]}}